{"id":35,"date":"2017-01-16T10:09:13","date_gmt":"2017-01-16T09:09:13","guid":{"rendered":"http:\/\/biofermehumbert.com\/?page_id=35"},"modified":"2024-03-21T11:23:36","modified_gmt":"2024-03-21T10:23:36","slug":"vente-directe","status":"publish","type":"page","link":"https:\/\/biofermehumbert.com\/?page_id=35","title":{"rendered":"VENTE DIRECTE"},"content":{"rendered":"\n<h1 class=\"has-text-color\" style=\"color:#3ea635\">La vente directe : depuis toujours !<\/h1>\n\n\n\n<p>Depuis la cr\u00e9ation de la ferme dans les ann\u00e9es 1970, nous commercialisons toute notre production en Vente Directe et Circuits Courts.<br><strong>Pas d&rsquo;interm\u00e9diaires entre vous et nous.<\/strong><\/p>\n\n\n\n<h3>Sur les march\u00e9s<\/h3>\n\n\n\n<ul><li>Mercredi matin \u00e0 Vill\u00e9.<\/li><li>Jeudi matin \u00e0 Obernai (sur les remparts).<\/li><li>Vendredi apr\u00e8s-midi \u00e0 Schaeffersheim.<\/li><li>Samedi matin \u00e0 S\u00e9lestat.<\/li><\/ul>\n\n\n\n<h3>\u00c0 la ferme<\/h3>\n\n\n\n<p>Notre point de vente est ouvert du lundi au samedi de 16h30 \u00e0 18h00  (ferm\u00e9 le dimanche).<br>Faites vos courses et profitez-en pour faire un petit tour \u00e0 l&rsquo;\u00e9table dire merci aux vaches, et prendre le temps de discuter avec le fermier ou ma fermi\u00e8re.<\/p>\n\n\n\n<h3>Dans les points de&nbsp;vente collectifs<\/h3>\n\n\n\n<ul><li><a rel=\"noreferrer noopener\" href=\"http:\/\/www.tourisme-alsace.com\/fr\/224001632-Fermes-et-Compagnie-Magasin-de-producteurs.html\" target=\"_blank\"><strong>Fermes\u00a0et Compagnie<\/strong><\/a><br>6 rue de la gare \u00e0 Vill\u00e9 (67), le vendredi de 15h \u00e0 17h45 et le samedi de 9h \u00e0 14h.<\/li><li><strong><a rel=\"noreferrer noopener\" href=\"http:\/\/www.lanouvelledouane.com\/\" target=\"_blank\">La Nouvelle Douane<\/a><\/strong> \u00e0 Strasbourg.<\/li><li><strong><a rel=\"noreferrer noopener\" href=\"http:\/\/echoppepaysanne.e-monsite.com\/\" target=\"_blank\">L&rsquo;Echoppe paysanne<\/a><\/strong> \u00e0 Ribeauvill\u00e9 (68).<\/li><li><a rel=\"noreferrer noopener\" href=\"http:\/\/www.corneetcarotte.fr\/\" target=\"_blank\"><strong>Corne et carotte<\/strong><\/a> \u00e0 Ste-Marie-aux-Mines (68).<\/li><\/ul>\n\n\n\n<h3>Livraison \u00e0 domicile dans la Vall\u00e9e de Vill\u00e9<\/h3>\n\n\n\n<p>Du lait tout frais, des \u0153ufs, des laitages, des l\u00e9gumes&#8230;..<br>Livr\u00e9s chez vous par Lucas ou Nicolas.<br>Renseignez-vous : 03 88 57 06 00 ou biofermehumbert@wanadoo.fr<\/p>\n\n\n\n<h2>Vente en circuits courts, directement du producteur aux consommateurs<\/h2>\n\n\n\n<figure class=\"wp-container-2 wp-block-gallery-1 wp-block-gallery has-nested-images columns-default is-cropped\">\n<figure class=\"wp-block-image size-large\"><a href=\"https:\/\/biofermehumbert.com\/wp-content\/uploads\/2017\/01\/VENTE-DIRECTE.jpg\" data-rel=\"lightbox-gallery-EfR1kSWQ\" data-rl_title=\"\" data-rl_caption=\"\" title=\"\"><img loading=\"lazy\" width=\"400\" height=\"300\" data-id=\"95\"  src=\"https:\/\/biofermehumbert.com\/wp-content\/uploads\/2017\/01\/VENTE-DIRECTE-400x300.jpg\" alt=\"\" class=\"wp-image-95\" srcset=\"https:\/\/biofermehumbert.com\/wp-content\/uploads\/2017\/01\/VENTE-DIRECTE-400x300.jpg 400w, https:\/\/biofermehumbert.com\/wp-content\/uploads\/2017\/01\/VENTE-DIRECTE-768x576.jpg 768w, https:\/\/biofermehumbert.com\/wp-content\/uploads\/2017\/01\/VENTE-DIRECTE.jpg 800w\" sizes=\"(max-width: 400px) 100vw, 400px\" \/><\/a><\/figure>\n\n\n\n<figure class=\"wp-block-image size-large\"><a href=\"https:\/\/biofermehumbert.com\/wp-content\/uploads\/2017\/01\/ELEVEUR-HUMBER-530.jpg\" data-rel=\"lightbox-gallery-EfR1kSWQ\" data-rl_title=\"\" data-rl_caption=\"\" title=\"\"><img loading=\"lazy\" width=\"350\" height=\"350\" data-id=\"92\"  src=\"https:\/\/biofermehumbert.com\/wp-content\/uploads\/2017\/01\/ELEVEUR-HUMBER-530-350x350.jpg\" alt=\"\" class=\"wp-image-92\" srcset=\"https:\/\/biofermehumbert.com\/wp-content\/uploads\/2017\/01\/ELEVEUR-HUMBER-530-350x350.jpg 350w, https:\/\/biofermehumbert.com\/wp-content\/uploads\/2017\/01\/ELEVEUR-HUMBER-530.jpg 530w\" sizes=\"(max-width: 350px) 100vw, 350px\" \/><\/a><\/figure>\n\n\n\n<figure class=\"wp-block-image size-large\"><a href=\"https:\/\/biofermehumbert.com\/wp-content\/uploads\/2020\/11\/PL-01.jpg\" data-rel=\"lightbox-gallery-EfR1kSWQ\" data-rl_title=\"\" data-rl_caption=\"\" title=\"\"><img loading=\"lazy\" width=\"1024\" height=\"718\" data-id=\"778\"  src=\"https:\/\/biofermehumbert.com\/wp-content\/uploads\/2020\/11\/PL-01-1024x718.jpg\" alt=\"\" class=\"wp-image-778\" srcset=\"https:\/\/biofermehumbert.com\/wp-content\/uploads\/2020\/11\/PL-01-1024x718.jpg 1024w, https:\/\/biofermehumbert.com\/wp-content\/uploads\/2020\/11\/PL-01-400x281.jpg 400w, https:\/\/biofermehumbert.com\/wp-content\/uploads\/2020\/11\/PL-01-768x539.jpg 768w, https:\/\/biofermehumbert.com\/wp-content\/uploads\/2020\/11\/PL-01.jpg 1240w\" sizes=\"(max-width: 1024px) 100vw, 1024px\" \/><\/a><\/figure>\n\n\n\n<figure class=\"wp-block-image size-large\"><a href=\"https:\/\/biofermehumbert.com\/wp-content\/uploads\/2020\/11\/PL-02.jpg\" data-rel=\"lightbox-gallery-EfR1kSWQ\" data-rl_title=\"\" data-rl_caption=\"\" title=\"\"><img loading=\"lazy\" width=\"1024\" height=\"683\" data-id=\"779\"  src=\"https:\/\/biofermehumbert.com\/wp-content\/uploads\/2020\/11\/PL-02-1024x683.jpg\" alt=\"\" class=\"wp-image-779\" srcset=\"https:\/\/biofermehumbert.com\/wp-content\/uploads\/2020\/11\/PL-02-1024x683.jpg 1024w, https:\/\/biofermehumbert.com\/wp-content\/uploads\/2020\/11\/PL-02-400x267.jpg 400w, https:\/\/biofermehumbert.com\/wp-content\/uploads\/2020\/11\/PL-02-768x512.jpg 768w, https:\/\/biofermehumbert.com\/wp-content\/uploads\/2020\/11\/PL-02-1536x1024.jpg 1536w, https:\/\/biofermehumbert.com\/wp-content\/uploads\/2020\/11\/PL-02-272x182.jpg 272w, https:\/\/biofermehumbert.com\/wp-content\/uploads\/2020\/11\/PL-02.jpg 1600w\" sizes=\"(max-width: 1024px) 100vw, 1024px\" \/><\/a><\/figure>\n\n\n\n<figure class=\"wp-block-image size-large\"><a href=\"https:\/\/biofermehumbert.com\/wp-content\/uploads\/2020\/11\/PL-03.jpg\" data-rel=\"lightbox-gallery-EfR1kSWQ\" data-rl_title=\"\" data-rl_caption=\"\" title=\"\"><img loading=\"lazy\" width=\"1024\" height=\"683\" data-id=\"780\"  src=\"https:\/\/biofermehumbert.com\/wp-content\/uploads\/2020\/11\/PL-03-1024x683.jpg\" alt=\"\" class=\"wp-image-780\" srcset=\"https:\/\/biofermehumbert.com\/wp-content\/uploads\/2020\/11\/PL-03-1024x683.jpg 1024w, https:\/\/biofermehumbert.com\/wp-content\/uploads\/2020\/11\/PL-03-400x267.jpg 400w, https:\/\/biofermehumbert.com\/wp-content\/uploads\/2020\/11\/PL-03-768x512.jpg 768w, https:\/\/biofermehumbert.com\/wp-content\/uploads\/2020\/11\/PL-03-1536x1024.jpg 1536w, https:\/\/biofermehumbert.com\/wp-content\/uploads\/2020\/11\/PL-03-272x182.jpg 272w, https:\/\/biofermehumbert.com\/wp-content\/uploads\/2020\/11\/PL-03.jpg 1600w\" sizes=\"(max-width: 1024px) 100vw, 1024px\" \/><\/a><\/figure>\n\n\n\n<figure class=\"wp-block-image size-large\"><a href=\"https:\/\/biofermehumbert.com\/wp-content\/uploads\/2020\/11\/PL-04.jpg\" data-rel=\"lightbox-gallery-EfR1kSWQ\" data-rl_title=\"\" data-rl_caption=\"\" title=\"\"><img loading=\"lazy\" width=\"1024\" height=\"683\" data-id=\"781\"  src=\"https:\/\/biofermehumbert.com\/wp-content\/uploads\/2020\/11\/PL-04-1024x683.jpg\" alt=\"\" class=\"wp-image-781\" srcset=\"https:\/\/biofermehumbert.com\/wp-content\/uploads\/2020\/11\/PL-04-1024x683.jpg 1024w, https:\/\/biofermehumbert.com\/wp-content\/uploads\/2020\/11\/PL-04-400x267.jpg 400w, https:\/\/biofermehumbert.com\/wp-content\/uploads\/2020\/11\/PL-04-768x512.jpg 768w, https:\/\/biofermehumbert.com\/wp-content\/uploads\/2020\/11\/PL-04-1536x1024.jpg 1536w, https:\/\/biofermehumbert.com\/wp-content\/uploads\/2020\/11\/PL-04-272x182.jpg 272w, https:\/\/biofermehumbert.com\/wp-content\/uploads\/2020\/11\/PL-04.jpg 1600w\" sizes=\"(max-width: 1024px) 100vw, 1024px\" \/><\/a><\/figure>\n\n\n\n<figure class=\"wp-block-image size-large\"><a href=\"https:\/\/biofermehumbert.com\/wp-content\/uploads\/2020\/11\/PL-05.jpg\" data-rel=\"lightbox-gallery-EfR1kSWQ\" data-rl_title=\"\" data-rl_caption=\"\" title=\"\"><img loading=\"lazy\" width=\"1024\" height=\"768\" data-id=\"782\"  src=\"https:\/\/biofermehumbert.com\/wp-content\/uploads\/2020\/11\/PL-05-1024x768.jpg\" alt=\"\" class=\"wp-image-782\" srcset=\"https:\/\/biofermehumbert.com\/wp-content\/uploads\/2020\/11\/PL-05-1024x768.jpg 1024w, https:\/\/biofermehumbert.com\/wp-content\/uploads\/2020\/11\/PL-05-400x300.jpg 400w, https:\/\/biofermehumbert.com\/wp-content\/uploads\/2020\/11\/PL-05-768x576.jpg 768w, https:\/\/biofermehumbert.com\/wp-content\/uploads\/2020\/11\/PL-05-1536x1152.jpg 1536w, https:\/\/biofermehumbert.com\/wp-content\/uploads\/2020\/11\/PL-05.jpg 1600w\" sizes=\"(max-width: 1024px) 100vw, 1024px\" \/><\/a><\/figure>\n\n\n\n<figure class=\"wp-block-image size-large\"><a href=\"https:\/\/biofermehumbert.com\/wp-content\/uploads\/2020\/11\/PL-06.jpg\" data-rel=\"lightbox-gallery-EfR1kSWQ\" data-rl_title=\"\" data-rl_caption=\"\" title=\"\"><img loading=\"lazy\" width=\"1024\" height=\"768\" data-id=\"785\"  src=\"https:\/\/biofermehumbert.com\/wp-content\/uploads\/2020\/11\/PL-06-1024x768.jpg\" alt=\"\" class=\"wp-image-785\" srcset=\"https:\/\/biofermehumbert.com\/wp-content\/uploads\/2020\/11\/PL-06-1024x768.jpg 1024w, https:\/\/biofermehumbert.com\/wp-content\/uploads\/2020\/11\/PL-06-400x300.jpg 400w, https:\/\/biofermehumbert.com\/wp-content\/uploads\/2020\/11\/PL-06-768x576.jpg 768w, https:\/\/biofermehumbert.com\/wp-content\/uploads\/2020\/11\/PL-06-1536x1152.jpg 1536w, https:\/\/biofermehumbert.com\/wp-content\/uploads\/2020\/11\/PL-06.jpg 1600w\" sizes=\"(max-width: 1024px) 100vw, 1024px\" \/><\/a><\/figure>\n\n\n\n<figure class=\"wp-block-image size-large\"><a href=\"https:\/\/biofermehumbert.com\/wp-content\/uploads\/2020\/11\/PL-07.jpg\" data-rel=\"lightbox-gallery-EfR1kSWQ\" data-rl_title=\"\" data-rl_caption=\"\" title=\"\"><img loading=\"lazy\" width=\"1024\" height=\"683\" data-id=\"786\"  src=\"https:\/\/biofermehumbert.com\/wp-content\/uploads\/2020\/11\/PL-07-1024x683.jpg\" alt=\"\" class=\"wp-image-786\" srcset=\"https:\/\/biofermehumbert.com\/wp-content\/uploads\/2020\/11\/PL-07-1024x683.jpg 1024w, https:\/\/biofermehumbert.com\/wp-content\/uploads\/2020\/11\/PL-07-400x267.jpg 400w, https:\/\/biofermehumbert.com\/wp-content\/uploads\/2020\/11\/PL-07-768x512.jpg 768w, https:\/\/biofermehumbert.com\/wp-content\/uploads\/2020\/11\/PL-07-1536x1024.jpg 1536w, https:\/\/biofermehumbert.com\/wp-content\/uploads\/2020\/11\/PL-07-272x182.jpg 272w, https:\/\/biofermehumbert.com\/wp-content\/uploads\/2020\/11\/PL-07.jpg 1600w\" sizes=\"(max-width: 1024px) 100vw, 1024px\" \/><\/a><\/figure>\n<\/figure>\n\n\n\n<p>MEDIATEUR \u00e0 la consommation<\/p>\n\n\n\n<p>MEDIAVET<\/p>\n\n\n\n<p>https :\/\/mediavet.net<\/p>\n\n\n\n<p>Convention n\u00b0 MEDIAVET-DA-23-3621<\/p>\n","protected":false},"excerpt":{"rendered":"<p>La vente directe : depuis toujours ! Depuis la cr\u00e9ation de la ferme dans les ann\u00e9es 1970, nous commercialisons toute notre production en Vente Directe [&#8230;]<\/p>\n","protected":false},"author":1,"featured_media":0,"parent":0,"menu_order":0,"comment_status":"closed","ping_status":"closed","template":"page-templates\/page-full-width.php","meta":[],"_links":{"self":[{"href":"https:\/\/biofermehumbert.com\/index.php?rest_route=\/wp\/v2\/pages\/35"}],"collection":[{"href":"https:\/\/biofermehumbert.com\/index.php?rest_route=\/wp\/v2\/pages"}],"about":[{"href":"https:\/\/biofermehumbert.com\/index.php?rest_route=\/wp\/v2\/types\/page"}],"author":[{"embeddable":true,"href":"https:\/\/biofermehumbert.com\/index.php?rest_route=\/wp\/v2\/users\/1"}],"replies":[{"embeddable":true,"href":"https:\/\/biofermehumbert.com\/index.php?rest_route=%2Fwp%2Fv2%2Fcomments&post=35"}],"version-history":[{"count":34,"href":"https:\/\/biofermehumbert.com\/index.php?rest_route=\/wp\/v2\/pages\/35\/revisions"}],"predecessor-version":[{"id":1026,"href":"https:\/\/biofermehumbert.com\/index.php?rest_route=\/wp\/v2\/pages\/35\/revisions\/1026"}],"wp:attachment":[{"href":"https:\/\/biofermehumbert.com\/index.php?rest_route=%2Fwp%2Fv2%2Fmedia&parent=35"}],"curies":[{"name":"wp","href":"https:\/\/api.w.org\/{rel}","templated":true}]}}