{"id":30,"date":"2017-01-16T10:05:59","date_gmt":"2017-01-16T09:05:59","guid":{"rendered":"http:\/\/biofermehumbert.com\/?page_id=30"},"modified":"2024-08-08T11:09:55","modified_gmt":"2024-08-08T09:09:55","slug":"visite","status":"publish","type":"page","link":"https:\/\/biofermehumbert.com\/?page_id=30","title":{"rendered":"VISITE \u00c0 LA FERME"},"content":{"rendered":"\n<h3> La ferme en famille<\/h3>\n\n\n\n<p>Vous souhaitez d\u00e9couvrir la ferme en famille ou entre amis, \u00e0 votre rythme, en toute libert\u00e9 ?<br>\u2022 Quelle quantit\u00e9 d&rsquo;eau boit une vache par jour ?<br>\u2022 Comment obtient-on du foin de qualit\u00e9 ?<\/p>\n\n\n\n<p>Posez nous toutes vos questions!<br> Vous comprendrez comment nous travaillons et pourquoi nous avons fait le choix de l&rsquo;Agriculture Bio d\u00e8s 1990.<br>\u00c0 partir de <strong>16 h 30 \/ 17 h 00<\/strong>, vous assisterez \u00e0 la traite du troupeau de vosgiennes.<br>Et pourquoi pas, d\u00e9guster quelques yaourts tout frais ou de la glace confectionn\u00e9e par nos soins \u00e0 la ferme pour le go\u00fbter !<br>Les marcheurs pourront cheminer tout autours du village sur \u00ab\u00a0le sentier du mineur\u00a0\u00bb, il faut compter 2 bonnes heures de marche (\u00e9ventuellement pr\u00e9voir un pique-nique).<br>Horaires de visite :\u00a0 Toute l&rsquo;ann\u00e9e, du lundi au samedi \u00e0 partir de <strong>16 h 30.<\/strong> Dimanche, jour de fermeture.<\/p>\n\n\n\n<h2>D\u00e9couvrez, le temps d&rsquo;une visite, une ferme de moyenne montagne<\/h2>\n\n\n\n<figure class=\"wp-container-2 wp-block-gallery-1 wp-block-gallery has-nested-images columns-default is-cropped\">\n<figure class=\"wp-block-image size-full\"><a href=\"https:\/\/biofermehumbert.com\/wp-content\/uploads\/2020\/11\/dia-08.jpg\" data-rel=\"lightbox-gallery-WipOlWUQ\" data-rl_title=\"\" data-rl_caption=\"\" title=\"\"><img loading=\"lazy\" width=\"1600\" height=\"1068\" data-id=\"683\"  src=\"https:\/\/biofermehumbert.com\/wp-content\/uploads\/2020\/11\/dia-08.jpg\" alt=\"\" class=\"wp-image-683\" srcset=\"https:\/\/biofermehumbert.com\/wp-content\/uploads\/2020\/11\/dia-08.jpg 1600w, https:\/\/biofermehumbert.com\/wp-content\/uploads\/2020\/11\/dia-08-400x267.jpg 400w, https:\/\/biofermehumbert.com\/wp-content\/uploads\/2020\/11\/dia-08-1024x684.jpg 1024w, https:\/\/biofermehumbert.com\/wp-content\/uploads\/2020\/11\/dia-08-768x513.jpg 768w, https:\/\/biofermehumbert.com\/wp-content\/uploads\/2020\/11\/dia-08-1536x1025.jpg 1536w, https:\/\/biofermehumbert.com\/wp-content\/uploads\/2020\/11\/dia-08-272x182.jpg 272w\" sizes=\"(max-width: 1600px) 100vw, 1600px\" \/><\/a><\/figure>\n\n\n\n<figure class=\"wp-block-image size-full\"><a href=\"https:\/\/biofermehumbert.com\/wp-content\/uploads\/2020\/11\/dia-09.jpg\" data-rel=\"lightbox-gallery-WipOlWUQ\" data-rl_title=\"\" data-rl_caption=\"\" title=\"\"><img loading=\"lazy\" width=\"1600\" height=\"1068\" data-id=\"684\"  src=\"https:\/\/biofermehumbert.com\/wp-content\/uploads\/2020\/11\/dia-09.jpg\" alt=\"\" class=\"wp-image-684\" srcset=\"https:\/\/biofermehumbert.com\/wp-content\/uploads\/2020\/11\/dia-09.jpg 1600w, https:\/\/biofermehumbert.com\/wp-content\/uploads\/2020\/11\/dia-09-400x267.jpg 400w, https:\/\/biofermehumbert.com\/wp-content\/uploads\/2020\/11\/dia-09-1024x684.jpg 1024w, https:\/\/biofermehumbert.com\/wp-content\/uploads\/2020\/11\/dia-09-768x513.jpg 768w, https:\/\/biofermehumbert.com\/wp-content\/uploads\/2020\/11\/dia-09-1536x1025.jpg 1536w, https:\/\/biofermehumbert.com\/wp-content\/uploads\/2020\/11\/dia-09-272x182.jpg 272w\" sizes=\"(max-width: 1600px) 100vw, 1600px\" \/><\/a><\/figure>\n\n\n\n<figure class=\"wp-block-image size-full\"><a href=\"https:\/\/biofermehumbert.com\/wp-content\/uploads\/2020\/11\/dia-10.jpg\" data-rel=\"lightbox-gallery-WipOlWUQ\" data-rl_title=\"\" data-rl_caption=\"\" title=\"\"><img loading=\"lazy\" width=\"1600\" height=\"1068\" data-id=\"685\"  src=\"https:\/\/biofermehumbert.com\/wp-content\/uploads\/2020\/11\/dia-10.jpg\" alt=\"\" class=\"wp-image-685\" srcset=\"https:\/\/biofermehumbert.com\/wp-content\/uploads\/2020\/11\/dia-10.jpg 1600w, https:\/\/biofermehumbert.com\/wp-content\/uploads\/2020\/11\/dia-10-400x267.jpg 400w, https:\/\/biofermehumbert.com\/wp-content\/uploads\/2020\/11\/dia-10-1024x684.jpg 1024w, https:\/\/biofermehumbert.com\/wp-content\/uploads\/2020\/11\/dia-10-768x513.jpg 768w, https:\/\/biofermehumbert.com\/wp-content\/uploads\/2020\/11\/dia-10-1536x1025.jpg 1536w, https:\/\/biofermehumbert.com\/wp-content\/uploads\/2020\/11\/dia-10-272x182.jpg 272w\" sizes=\"(max-width: 1600px) 100vw, 1600px\" \/><\/a><\/figure>\n\n\n\n<figure class=\"wp-block-image size-full\"><a href=\"https:\/\/biofermehumbert.com\/wp-content\/uploads\/2020\/11\/dia-01.jpg\" data-rel=\"lightbox-gallery-WipOlWUQ\" data-rl_title=\"\" data-rl_caption=\"\" title=\"\"><img loading=\"lazy\" width=\"1600\" height=\"1068\" data-id=\"672\"  src=\"https:\/\/biofermehumbert.com\/wp-content\/uploads\/2020\/11\/dia-01.jpg\" alt=\"\" class=\"wp-image-672\" srcset=\"https:\/\/biofermehumbert.com\/wp-content\/uploads\/2020\/11\/dia-01.jpg 1600w, https:\/\/biofermehumbert.com\/wp-content\/uploads\/2020\/11\/dia-01-400x267.jpg 400w, https:\/\/biofermehumbert.com\/wp-content\/uploads\/2020\/11\/dia-01-1024x684.jpg 1024w, https:\/\/biofermehumbert.com\/wp-content\/uploads\/2020\/11\/dia-01-768x513.jpg 768w, https:\/\/biofermehumbert.com\/wp-content\/uploads\/2020\/11\/dia-01-1536x1025.jpg 1536w, https:\/\/biofermehumbert.com\/wp-content\/uploads\/2020\/11\/dia-01-272x182.jpg 272w\" sizes=\"(max-width: 1600px) 100vw, 1600px\" \/><\/a><\/figure>\n\n\n\n<figure class=\"wp-block-image size-full\"><a href=\"https:\/\/biofermehumbert.com\/wp-content\/uploads\/2020\/11\/dia-05.jpg\" data-rel=\"lightbox-gallery-WipOlWUQ\" data-rl_title=\"\" data-rl_caption=\"\" title=\"\"><img loading=\"lazy\" width=\"1600\" height=\"1068\" data-id=\"676\"  src=\"https:\/\/biofermehumbert.com\/wp-content\/uploads\/2020\/11\/dia-05.jpg\" alt=\"\" class=\"wp-image-676\" srcset=\"https:\/\/biofermehumbert.com\/wp-content\/uploads\/2020\/11\/dia-05.jpg 1600w, https:\/\/biofermehumbert.com\/wp-content\/uploads\/2020\/11\/dia-05-400x267.jpg 400w, https:\/\/biofermehumbert.com\/wp-content\/uploads\/2020\/11\/dia-05-1024x684.jpg 1024w, https:\/\/biofermehumbert.com\/wp-content\/uploads\/2020\/11\/dia-05-768x513.jpg 768w, https:\/\/biofermehumbert.com\/wp-content\/uploads\/2020\/11\/dia-05-1536x1025.jpg 1536w, https:\/\/biofermehumbert.com\/wp-content\/uploads\/2020\/11\/dia-05-272x182.jpg 272w\" sizes=\"(max-width: 1600px) 100vw, 1600px\" \/><\/a><\/figure>\n\n\n\n<figure class=\"wp-block-image size-full\"><a href=\"https:\/\/biofermehumbert.com\/wp-content\/uploads\/2020\/11\/dia-03.jpg\" data-rel=\"lightbox-gallery-WipOlWUQ\" data-rl_title=\"\" data-rl_caption=\"\" title=\"\"><img loading=\"lazy\" width=\"1600\" height=\"1068\" data-id=\"674\"  src=\"https:\/\/biofermehumbert.com\/wp-content\/uploads\/2020\/11\/dia-03.jpg\" alt=\"\" class=\"wp-image-674\" srcset=\"https:\/\/biofermehumbert.com\/wp-content\/uploads\/2020\/11\/dia-03.jpg 1600w, https:\/\/biofermehumbert.com\/wp-content\/uploads\/2020\/11\/dia-03-400x267.jpg 400w, https:\/\/biofermehumbert.com\/wp-content\/uploads\/2020\/11\/dia-03-1024x684.jpg 1024w, https:\/\/biofermehumbert.com\/wp-content\/uploads\/2020\/11\/dia-03-768x513.jpg 768w, https:\/\/biofermehumbert.com\/wp-content\/uploads\/2020\/11\/dia-03-1536x1025.jpg 1536w, https:\/\/biofermehumbert.com\/wp-content\/uploads\/2020\/11\/dia-03-272x182.jpg 272w\" sizes=\"(max-width: 1600px) 100vw, 1600px\" \/><\/a><\/figure>\n<\/figure>\n","protected":false},"excerpt":{"rendered":"<p>La ferme en famille Vous souhaitez d\u00e9couvrir la ferme en famille ou entre amis, \u00e0 votre rythme, en toute libert\u00e9 ?\u2022 Quelle quantit\u00e9 d&rsquo;eau boit [&#8230;]<\/p>\n","protected":false},"author":1,"featured_media":0,"parent":0,"menu_order":0,"comment_status":"closed","ping_status":"closed","template":"page-templates\/page-full-width.php","meta":[],"_links":{"self":[{"href":"https:\/\/biofermehumbert.com\/index.php?rest_route=\/wp\/v2\/pages\/30"}],"collection":[{"href":"https:\/\/biofermehumbert.com\/index.php?rest_route=\/wp\/v2\/pages"}],"about":[{"href":"https:\/\/biofermehumbert.com\/index.php?rest_route=\/wp\/v2\/types\/page"}],"author":[{"embeddable":true,"href":"https:\/\/biofermehumbert.com\/index.php?rest_route=\/wp\/v2\/users\/1"}],"replies":[{"embeddable":true,"href":"https:\/\/biofermehumbert.com\/index.php?rest_route=%2Fwp%2Fv2%2Fcomments&post=30"}],"version-history":[{"count":36,"href":"https:\/\/biofermehumbert.com\/index.php?rest_route=\/wp\/v2\/pages\/30\/revisions"}],"predecessor-version":[{"id":1032,"href":"https:\/\/biofermehumbert.com\/index.php?rest_route=\/wp\/v2\/pages\/30\/revisions\/1032"}],"wp:attachment":[{"href":"https:\/\/biofermehumbert.com\/index.php?rest_route=%2Fwp%2Fv2%2Fmedia&parent=30"}],"curies":[{"name":"wp","href":"https:\/\/api.w.org\/{rel}","templated":true}]}}