{"id":28,"date":"2017-01-16T10:05:03","date_gmt":"2017-01-16T09:05:03","guid":{"rendered":"http:\/\/biofermehumbert.com\/?page_id=28"},"modified":"2026-03-25T10:47:11","modified_gmt":"2026-03-25T09:47:11","slug":"a-propos","status":"publish","type":"page","link":"https:\/\/biofermehumbert.com\/?page_id=28","title":{"rendered":"\u00c0 PROPOS"},"content":{"rendered":"\n<h1 class=\"has-text-color\" style=\"color:#3ea635\">Une \u00e9quipe formidable<\/h1>\n\n\n\n<p><strong>La Ferme Humbert :<\/strong> 3associ\u00e9s accompagn\u00e9s de 3 salari\u00e9s se partagent le travail :<br>&#8211; <strong>Nicolas <\/strong>transforme le lait en glaces,  cultive les l\u00e9gumes et les petits fruits, va vendre les produits au march\u00e9 et g\u00e8re l&rsquo;administratif.<br>&#8211; <strong>Julie <\/strong>transforme le lait, veille sur le troupeau pour fournir du lait et de la viande de qualit\u00e9.<br>&#8211; <strong>Mathieu<\/strong> a succ\u00e9d\u00e9 \u00e0 Dominique (\u00e0 la retraite), il entretient les prairies et le mat\u00e9riel.<br>&#8211; <strong>Cl\u00e9ment<\/strong>, salari\u00e9, travaille \u00e0 la laiterie et cueille les fruits en \u00e9t\u00e9.                                                                                                      &#8211; <strong>Virginie<\/strong> transforme le lait et fait les permanences \u00e0 la Nouvelle Douane                                                                                                        &#8211;<strong> Raphael et Mathias <\/strong>font la traite, s&rsquo;occupe des poules et vendent les produits au march\u00e9                                                                                                                   <br>&#8211; <strong>Des stagiaires<\/strong> participent aux travaux tout au long de l&rsquo;ann\u00e9e.<\/p>\n\n\n\n<h1 class=\"has-text-color\" style=\"color:#3ea635\">Bio-logique<\/h1>\n\n\n\n<p>Nous pratiquons depuis toujours une agriculture respectueuse de l&rsquo;environnement, des hommes et des animaux.<br>Nous entretenons les pr\u00e9s et les for\u00eats de mani\u00e8re tr\u00e8s extensive.<br>Nos animaux sont nourris exclusivement avec le foin et l&rsquo;herbe des pr\u00e9s de la ferme. Nous avons fait le choix de ne pas apporter de compl\u00e9mentation en c\u00e9r\u00e9ales.<br>Nous \u00e9laborons notre compost pour les potagers, les arbres et les petits fruits.<br>Notre but est de vous proposer des produits d&rsquo;une qualit\u00e9, d&rsquo;une vitalit\u00e9 et d&rsquo;un go\u00fbt excellent.<br>Depuis 1990, nous b\u00e9n\u00e9ficions de la reconnaissance du label bio AB.<br>Depuis 2012 nous suivons le cahier des charges Bio Coh\u00e9rence. Plus d&rsquo;info sur <a href=\"http:\/\/www.biocoherence.fr\">www.biocoherence.fr<\/a><\/p>\n\n\n\n<div class=\"wp-container-5 wp-block-group\">\n<div class=\"wp-container-4 wp-block-group\">\n<div class=\"wp-container-3 wp-block-group\">\n<figure class=\"wp-container-2 wp-block-gallery-1 wp-block-gallery has-nested-images columns-default is-cropped\">\n<figure class=\"wp-block-image size-large\"><a href=\"https:\/\/biofermehumbert.com\/wp-content\/uploads\/2021\/03\/Ferme-Humbert_SNP-210-scaled.jpg\" data-rel=\"lightbox-gallery-2HgesX93\" data-rl_title=\"\" data-rl_caption=\"\" title=\"\"><img loading=\"lazy\" width=\"683\" height=\"1024\" src=\"https:\/\/biofermehumbert.com\/wp-content\/uploads\/2021\/03\/Ferme-Humbert_SNP-210-683x1024.jpg\" alt=\"\" class=\"wp-image-845\" srcset=\"https:\/\/biofermehumbert.com\/wp-content\/uploads\/2021\/03\/Ferme-Humbert_SNP-210-683x1024.jpg 683w, https:\/\/biofermehumbert.com\/wp-content\/uploads\/2021\/03\/Ferme-Humbert_SNP-210-234x350.jpg 234w, https:\/\/biofermehumbert.com\/wp-content\/uploads\/2021\/03\/Ferme-Humbert_SNP-210-768x1151.jpg 768w, https:\/\/biofermehumbert.com\/wp-content\/uploads\/2021\/03\/Ferme-Humbert_SNP-210-1025x1536.jpg 1025w, https:\/\/biofermehumbert.com\/wp-content\/uploads\/2021\/03\/Ferme-Humbert_SNP-210-1367x2048.jpg 1367w, https:\/\/biofermehumbert.com\/wp-content\/uploads\/2021\/03\/Ferme-Humbert_SNP-210-scaled.jpg 1708w\" sizes=\"(max-width: 683px) 100vw, 683px\" \/><\/a><figcaption>Mathieu et son tracteur<\/figcaption><\/figure>\n\n\n\n<figure class=\"wp-block-image size-large\"><a href=\"https:\/\/biofermehumbert.com\/wp-content\/uploads\/2021\/03\/Ferme-Humbert_SNP-188-scaled.jpg\" data-rel=\"lightbox-gallery-2HgesX93\" data-rl_title=\"\" data-rl_caption=\"\" title=\"\"><img loading=\"lazy\" width=\"683\" height=\"1024\" src=\"https:\/\/biofermehumbert.com\/wp-content\/uploads\/2021\/03\/Ferme-Humbert_SNP-188-683x1024.jpg\" alt=\"\" class=\"wp-image-852\" srcset=\"https:\/\/biofermehumbert.com\/wp-content\/uploads\/2021\/03\/Ferme-Humbert_SNP-188-683x1024.jpg 683w, https:\/\/biofermehumbert.com\/wp-content\/uploads\/2021\/03\/Ferme-Humbert_SNP-188-234x350.jpg 234w, https:\/\/biofermehumbert.com\/wp-content\/uploads\/2021\/03\/Ferme-Humbert_SNP-188-768x1151.jpg 768w, https:\/\/biofermehumbert.com\/wp-content\/uploads\/2021\/03\/Ferme-Humbert_SNP-188-1025x1536.jpg 1025w, https:\/\/biofermehumbert.com\/wp-content\/uploads\/2021\/03\/Ferme-Humbert_SNP-188-1367x2048.jpg 1367w, https:\/\/biofermehumbert.com\/wp-content\/uploads\/2021\/03\/Ferme-Humbert_SNP-188-scaled.jpg 1709w\" sizes=\"(max-width: 683px) 100vw, 683px\" \/><\/a><figcaption>Nicolas et sa glace<\/figcaption><\/figure>\n\n\n\n<figure class=\"wp-block-image size-large\"><a href=\"https:\/\/biofermehumbert.com\/wp-content\/uploads\/2017\/03\/DSCN5942.jpg\" data-rel=\"lightbox-gallery-2HgesX93\" data-rl_title=\"\" data-rl_caption=\"\" title=\"\"><img loading=\"lazy\" width=\"206\" height=\"206\" src=\"https:\/\/biofermehumbert.com\/wp-content\/uploads\/2017\/03\/DSCN5942.jpg\" alt=\"\" class=\"wp-image-326\"\/><\/a><figcaption>Julie <\/figcaption><\/figure>\n\n\n\n<figure class=\"wp-block-image size-large\"><a href=\"https:\/\/biofermehumbert.com\/wp-content\/uploads\/2025\/02\/star_n.jpg\" data-rel=\"lightbox-gallery-2HgesX93\" data-rl_title=\"\" data-rl_caption=\"\" title=\"\"><img loading=\"lazy\" width=\"768\" height=\"1024\" src=\"https:\/\/biofermehumbert.com\/wp-content\/uploads\/2025\/02\/star_n-768x1024.jpg\" alt=\"\" class=\"wp-image-1039\" srcset=\"https:\/\/biofermehumbert.com\/wp-content\/uploads\/2025\/02\/star_n-768x1024.jpg 768w, https:\/\/biofermehumbert.com\/wp-content\/uploads\/2025\/02\/star_n-263x350.jpg 263w, https:\/\/biofermehumbert.com\/wp-content\/uploads\/2025\/02\/star_n-1152x1536.jpg 1152w, https:\/\/biofermehumbert.com\/wp-content\/uploads\/2025\/02\/star_n-900x1200.jpg 900w, https:\/\/biofermehumbert.com\/wp-content\/uploads\/2025\/02\/star_n.jpg 1536w\" sizes=\"(max-width: 768px) 100vw, 768px\" \/><\/a><figcaption>Star, mangeuse de foin<\/figcaption><\/figure>\n\n\n\n<figure class=\"wp-block-image size-large\"><a href=\"https:\/\/biofermehumbert.com\/wp-content\/uploads\/2025\/02\/mainsn.jpg\" data-rel=\"lightbox-gallery-2HgesX93\" data-rl_title=\"\" data-rl_caption=\"\" title=\"\"><img loading=\"lazy\" width=\"768\" height=\"1024\" src=\"https:\/\/biofermehumbert.com\/wp-content\/uploads\/2025\/02\/mainsn-768x1024.jpg\" alt=\"\" class=\"wp-image-1038\" srcset=\"https:\/\/biofermehumbert.com\/wp-content\/uploads\/2025\/02\/mainsn-768x1024.jpg 768w, https:\/\/biofermehumbert.com\/wp-content\/uploads\/2025\/02\/mainsn-263x350.jpg 263w, https:\/\/biofermehumbert.com\/wp-content\/uploads\/2025\/02\/mainsn-1152x1536.jpg 1152w, https:\/\/biofermehumbert.com\/wp-content\/uploads\/2025\/02\/mainsn-900x1200.jpg 900w, https:\/\/biofermehumbert.com\/wp-content\/uploads\/2025\/02\/mainsn.jpg 1536w\" sizes=\"(max-width: 768px) 100vw, 768px\" \/><\/a><figcaption>Cl\u00e9ment et Virginie, petites mains \u00e0 la laiterie<\/figcaption><\/figure>\n\n\n\n<figure class=\"wp-block-image size-large\"><a href=\"https:\/\/biofermehumbert.com\/wp-content\/uploads\/2021\/03\/Ferme-Humbert_SNP-89-scaled.jpg\" data-rel=\"lightbox-gallery-2HgesX93\" data-rl_title=\"\" data-rl_caption=\"\" title=\"\"><img loading=\"lazy\" width=\"683\" height=\"1024\" src=\"https:\/\/biofermehumbert.com\/wp-content\/uploads\/2021\/03\/Ferme-Humbert_SNP-89-683x1024.jpg\" alt=\"\" class=\"wp-image-848\" srcset=\"https:\/\/biofermehumbert.com\/wp-content\/uploads\/2021\/03\/Ferme-Humbert_SNP-89-683x1024.jpg 683w, https:\/\/biofermehumbert.com\/wp-content\/uploads\/2021\/03\/Ferme-Humbert_SNP-89-234x350.jpg 234w, https:\/\/biofermehumbert.com\/wp-content\/uploads\/2021\/03\/Ferme-Humbert_SNP-89-768x1151.jpg 768w, https:\/\/biofermehumbert.com\/wp-content\/uploads\/2021\/03\/Ferme-Humbert_SNP-89-1025x1536.jpg 1025w, https:\/\/biofermehumbert.com\/wp-content\/uploads\/2021\/03\/Ferme-Humbert_SNP-89-1367x2048.jpg 1367w, https:\/\/biofermehumbert.com\/wp-content\/uploads\/2021\/03\/Ferme-Humbert_SNP-89-scaled.jpg 1708w\" sizes=\"(max-width: 683px) 100vw, 683px\" \/><\/a><figcaption>Belle vosgienne<\/figcaption><\/figure>\n\n\n\n<figure class=\"wp-block-image size-large\"><a href=\"https:\/\/biofermehumbert.com\/wp-content\/uploads\/2021\/03\/Ferme-Humbert_SNP-146-scaled.jpg\" data-rel=\"lightbox-gallery-2HgesX93\" data-rl_title=\"\" data-rl_caption=\"\" title=\"\"><img loading=\"lazy\" width=\"683\" height=\"1024\" src=\"https:\/\/biofermehumbert.com\/wp-content\/uploads\/2021\/03\/Ferme-Humbert_SNP-146-683x1024.jpg\" alt=\"\" class=\"wp-image-849\" srcset=\"https:\/\/biofermehumbert.com\/wp-content\/uploads\/2021\/03\/Ferme-Humbert_SNP-146-683x1024.jpg 683w, https:\/\/biofermehumbert.com\/wp-content\/uploads\/2021\/03\/Ferme-Humbert_SNP-146-234x350.jpg 234w, https:\/\/biofermehumbert.com\/wp-content\/uploads\/2021\/03\/Ferme-Humbert_SNP-146-768x1151.jpg 768w, https:\/\/biofermehumbert.com\/wp-content\/uploads\/2021\/03\/Ferme-Humbert_SNP-146-1025x1536.jpg 1025w, https:\/\/biofermehumbert.com\/wp-content\/uploads\/2021\/03\/Ferme-Humbert_SNP-146-1367x2048.jpg 1367w, https:\/\/biofermehumbert.com\/wp-content\/uploads\/2021\/03\/Ferme-Humbert_SNP-146-scaled.jpg 1709w\" sizes=\"(max-width: 683px) 100vw, 683px\" \/><\/a><figcaption>Poules heureuses<\/figcaption><\/figure>\n<\/figure>\n<\/div>\n<\/div>\n<\/div>\n\n\n\n<p><\/p>\n","protected":false},"excerpt":{"rendered":"<p>Une \u00e9quipe formidable La Ferme Humbert : 3associ\u00e9s accompagn\u00e9s de 3 salari\u00e9s se partagent le travail :&#8211; Nicolas transforme le lait en glaces, cultive les [&#8230;]<\/p>\n","protected":false},"author":1,"featured_media":0,"parent":0,"menu_order":0,"comment_status":"closed","ping_status":"closed","template":"page-templates\/page-full-width.php","meta":[],"_links":{"self":[{"href":"https:\/\/biofermehumbert.com\/index.php?rest_route=\/wp\/v2\/pages\/28"}],"collection":[{"href":"https:\/\/biofermehumbert.com\/index.php?rest_route=\/wp\/v2\/pages"}],"about":[{"href":"https:\/\/biofermehumbert.com\/index.php?rest_route=\/wp\/v2\/types\/page"}],"author":[{"embeddable":true,"href":"https:\/\/biofermehumbert.com\/index.php?rest_route=\/wp\/v2\/users\/1"}],"replies":[{"embeddable":true,"href":"https:\/\/biofermehumbert.com\/index.php?rest_route=%2Fwp%2Fv2%2Fcomments&post=28"}],"version-history":[{"count":31,"href":"https:\/\/biofermehumbert.com\/index.php?rest_route=\/wp\/v2\/pages\/28\/revisions"}],"predecessor-version":[{"id":1043,"href":"https:\/\/biofermehumbert.com\/index.php?rest_route=\/wp\/v2\/pages\/28\/revisions\/1043"}],"wp:attachment":[{"href":"https:\/\/biofermehumbert.com\/index.php?rest_route=%2Fwp%2Fv2%2Fmedia&parent=28"}],"curies":[{"name":"wp","href":"https:\/\/api.w.org\/{rel}","templated":true}]}}