{"id":203,"date":"2017-02-20T11:05:06","date_gmt":"2017-02-20T10:05:06","guid":{"rendered":"http:\/\/biofermehumbert.com\/?page_id=203"},"modified":"2021-03-11T17:01:55","modified_gmt":"2021-03-11T16:01:55","slug":"oeufs-de-la-ferme","status":"publish","type":"page","link":"https:\/\/biofermehumbert.com\/?page_id=203","title":{"rendered":"OEUFS FERMIERS BIO"},"content":{"rendered":"\n<h1 class=\"has-text-color\" style=\"color:#3ea635\">\u0152ufs fermiers : Nanou &#8230; et ses poules<\/h1>\n\n\n\n<h3>C&rsquo;est quoi un \u0153uf bio ?<\/h3>\n\n\n\n<p><strong>LA Question<\/strong> qu&rsquo;on nous pose le plus souvent.<br><strong>LES R\u00e9ponses<\/strong> que l&rsquo;on doit vous fournir :<br>Chaque producteur a l&rsquo;obligation&nbsp;de marquer ses \u0153ufs par un chiffre indiquant plusieurs informations&nbsp;:<br>Le premier chiffre correspond au mode d&rsquo;\u00e9levage : &nbsp;&nbsp;0 &nbsp;: Bio , 1 : Plein air, &nbsp;2 : Au sol, 3 &nbsp;: En cage<br>Notre num\u00e9ro d&rsquo;\u00e9levage est le suivant : 0 FR 67 007<\/p>\n\n\n\n<ul><li>0 pour bio<\/li><li>FR pour France<\/li><li>67 pour le d\u00e9partement<\/li><li>007 num\u00e9ro allou\u00e9 \u00e0 la Ferme Humbert<\/li><\/ul>\n\n\n\n<h3>Pourquoi un \u0153uf de notre ferme est diff\u00e9rent ?<\/h3>\n\n\n\n<p>Nanou et Nicolas vous propose une \u00ab\u00a0capsule audio\u00a0\u00bb pour comprendre :<\/p>\n\n\n<p><iframe loading=\"lazy\" src=\"https:\/\/w.soundcloud.com\/player\/?url=https%3A\/\/api.soundcloud.com\/tracks\/220558518&amp;color=ff5500&amp;auto_play=false&amp;hide_related=false&amp;show_comments=true&amp;show_user=true&amp;show_reposts=false\" scrolling=\"no\" width=\"100%\" height=\"166\" frameborder=\"no\"><\/iframe><\/p>\n\n\n\n<h2>Le poulailler bio de la Ferme Humbert<\/h2>\n\n\n\n<figure class=\"wp-container-2 wp-block-gallery-1 wp-block-gallery columns-3 is-cropped\"><ul class=\"blocks-gallery-grid\"><li class=\"blocks-gallery-item\"><figure><a href=\"https:\/\/biofermehumbert.com\/wp-content\/uploads\/2020\/11\/dia-12-1024x684.jpg\" data-rel=\"lightbox-gallery-ZhuN3fbj\" data-rl_title=\"\" data-rl_caption=\"\" title=\"\"><img loading=\"lazy\" width=\"1024\" height=\"684\" src=\"https:\/\/biofermehumbert.com\/wp-content\/uploads\/2020\/11\/dia-12-1024x684.jpg\" alt=\"\" data-id=\"691\" data-link=\"https:\/\/biofermehumbert.com\/?attachment_id=691\" class=\"wp-image-691\" srcset=\"https:\/\/biofermehumbert.com\/wp-content\/uploads\/2020\/11\/dia-12-1024x684.jpg 1024w, https:\/\/biofermehumbert.com\/wp-content\/uploads\/2020\/11\/dia-12-400x267.jpg 400w, https:\/\/biofermehumbert.com\/wp-content\/uploads\/2020\/11\/dia-12-768x513.jpg 768w, https:\/\/biofermehumbert.com\/wp-content\/uploads\/2020\/11\/dia-12-1536x1025.jpg 1536w, https:\/\/biofermehumbert.com\/wp-content\/uploads\/2020\/11\/dia-12-272x182.jpg 272w, https:\/\/biofermehumbert.com\/wp-content\/uploads\/2020\/11\/dia-12.jpg 1600w\" sizes=\"(max-width: 1024px) 100vw, 1024px\" \/><\/a><\/figure><\/li><li class=\"blocks-gallery-item\"><figure><a href=\"https:\/\/biofermehumbert.com\/wp-content\/uploads\/2017\/02\/POULE-2.jpg\" data-rel=\"lightbox-gallery-ZhuN3fbj\" data-rl_title=\"\" data-rl_caption=\"\" title=\"\"><img loading=\"lazy\" width=\"800\" height=\"533\" src=\"https:\/\/biofermehumbert.com\/wp-content\/uploads\/2017\/02\/POULE-2.jpg\" alt=\"\" data-id=\"234\" data-link=\"https:\/\/biofermehumbert.com\/?attachment_id=234\" class=\"wp-image-234\" srcset=\"https:\/\/biofermehumbert.com\/wp-content\/uploads\/2017\/02\/POULE-2.jpg 800w, https:\/\/biofermehumbert.com\/wp-content\/uploads\/2017\/02\/POULE-2-400x267.jpg 400w, https:\/\/biofermehumbert.com\/wp-content\/uploads\/2017\/02\/POULE-2-768x512.jpg 768w\" sizes=\"(max-width: 800px) 100vw, 800px\" \/><\/a><\/figure><\/li><li class=\"blocks-gallery-item\"><figure><a href=\"https:\/\/biofermehumbert.com\/wp-content\/uploads\/2017\/02\/POULE-1.jpg\" data-rel=\"lightbox-gallery-ZhuN3fbj\" data-rl_title=\"\" data-rl_caption=\"\" title=\"\"><img loading=\"lazy\" width=\"800\" height=\"600\" src=\"https:\/\/biofermehumbert.com\/wp-content\/uploads\/2017\/02\/POULE-1.jpg\" alt=\"\" data-id=\"233\" data-link=\"https:\/\/biofermehumbert.com\/?attachment_id=233\" class=\"wp-image-233\" srcset=\"https:\/\/biofermehumbert.com\/wp-content\/uploads\/2017\/02\/POULE-1.jpg 800w, https:\/\/biofermehumbert.com\/wp-content\/uploads\/2017\/02\/POULE-1-400x300.jpg 400w, https:\/\/biofermehumbert.com\/wp-content\/uploads\/2017\/02\/POULE-1-768x576.jpg 768w\" sizes=\"(max-width: 800px) 100vw, 800px\" \/><\/a><\/figure><\/li><li class=\"blocks-gallery-item\"><figure><a href=\"https:\/\/biofermehumbert.com\/wp-content\/uploads\/2017\/01\/A-POULE-800.jpg\" data-rel=\"lightbox-gallery-ZhuN3fbj\" data-rl_title=\"\" data-rl_caption=\"\" title=\"\"><img src=\"https:\/\/biofermehumbert.com\/wp-content\/uploads\/2017\/01\/A-POULE-800.jpg\" alt=\"\" data-id=\"64\" data-link=\"https:\/\/biofermehumbert.com\/?attachment_id=64\" class=\"wp-image-64\"\/><\/a><\/figure><\/li><li class=\"blocks-gallery-item\"><figure><a href=\"https:\/\/biofermehumbert.com\/wp-content\/uploads\/2017\/01\/HEADER-HP04-1024x718.jpg\" data-rel=\"lightbox-gallery-ZhuN3fbj\" data-rl_title=\"\" data-rl_caption=\"\" title=\"\"><img loading=\"lazy\" width=\"1024\" height=\"718\" src=\"https:\/\/biofermehumbert.com\/wp-content\/uploads\/2017\/01\/HEADER-HP04-1024x718.jpg\" alt=\"\" data-id=\"12\" data-link=\"https:\/\/biofermehumbert.com\/?attachment_id=12\" class=\"wp-image-12\" srcset=\"https:\/\/biofermehumbert.com\/wp-content\/uploads\/2017\/01\/HEADER-HP04-1024x718.jpg 1024w, https:\/\/biofermehumbert.com\/wp-content\/uploads\/2017\/01\/HEADER-HP04-300x210.jpg 300w, https:\/\/biofermehumbert.com\/wp-content\/uploads\/2017\/01\/HEADER-HP04-768x539.jpg 768w, https:\/\/biofermehumbert.com\/wp-content\/uploads\/2017\/01\/HEADER-HP04.jpg 1240w\" sizes=\"(max-width: 1024px) 100vw, 1024px\" \/><\/a><\/figure><\/li><li class=\"blocks-gallery-item\"><figure><a href=\"https:\/\/biofermehumbert.com\/wp-content\/uploads\/2020\/11\/poule-01-1024x684.jpg\" data-rel=\"lightbox-gallery-ZhuN3fbj\" data-rl_title=\"\" data-rl_caption=\"\" title=\"\"><img loading=\"lazy\" width=\"1024\" height=\"684\" src=\"https:\/\/biofermehumbert.com\/wp-content\/uploads\/2020\/11\/poule-01-1024x684.jpg\" alt=\"\" data-id=\"766\" data-link=\"https:\/\/biofermehumbert.com\/?attachment_id=766\" class=\"wp-image-766\" srcset=\"https:\/\/biofermehumbert.com\/wp-content\/uploads\/2020\/11\/poule-01-1024x684.jpg 1024w, https:\/\/biofermehumbert.com\/wp-content\/uploads\/2020\/11\/poule-01-400x267.jpg 400w, https:\/\/biofermehumbert.com\/wp-content\/uploads\/2020\/11\/poule-01-768x513.jpg 768w, https:\/\/biofermehumbert.com\/wp-content\/uploads\/2020\/11\/poule-01-1536x1025.jpg 1536w, https:\/\/biofermehumbert.com\/wp-content\/uploads\/2020\/11\/poule-01-272x182.jpg 272w, https:\/\/biofermehumbert.com\/wp-content\/uploads\/2020\/11\/poule-01.jpg 1600w\" sizes=\"(max-width: 1024px) 100vw, 1024px\" \/><\/a><\/figure><\/li><li class=\"blocks-gallery-item\"><figure><a href=\"https:\/\/biofermehumbert.com\/wp-content\/uploads\/2020\/11\/poule-02-1024x683.jpg\" data-rel=\"lightbox-gallery-ZhuN3fbj\" data-rl_title=\"\" data-rl_caption=\"\" title=\"\"><img loading=\"lazy\" width=\"1024\" height=\"683\" src=\"https:\/\/biofermehumbert.com\/wp-content\/uploads\/2020\/11\/poule-02-1024x683.jpg\" alt=\"\" data-id=\"767\" data-link=\"https:\/\/biofermehumbert.com\/?attachment_id=767\" class=\"wp-image-767\" srcset=\"https:\/\/biofermehumbert.com\/wp-content\/uploads\/2020\/11\/poule-02-1024x683.jpg 1024w, https:\/\/biofermehumbert.com\/wp-content\/uploads\/2020\/11\/poule-02-400x267.jpg 400w, https:\/\/biofermehumbert.com\/wp-content\/uploads\/2020\/11\/poule-02-768x512.jpg 768w, https:\/\/biofermehumbert.com\/wp-content\/uploads\/2020\/11\/poule-02-1536x1024.jpg 1536w, https:\/\/biofermehumbert.com\/wp-content\/uploads\/2020\/11\/poule-02-272x182.jpg 272w, https:\/\/biofermehumbert.com\/wp-content\/uploads\/2020\/11\/poule-02.jpg 1600w\" sizes=\"(max-width: 1024px) 100vw, 1024px\" \/><\/a><\/figure><\/li><li class=\"blocks-gallery-item\"><figure><a href=\"https:\/\/biofermehumbert.com\/wp-content\/uploads\/2020\/11\/poule-03.jpg\" data-rel=\"lightbox-gallery-ZhuN3fbj\" data-rl_title=\"\" data-rl_caption=\"\" title=\"\"><img src=\"https:\/\/biofermehumbert.com\/wp-content\/uploads\/2020\/11\/poule-03-1024x684.jpg\" alt=\"\" data-id=\"769\" data-full-url=\"https:\/\/biofermehumbert.com\/wp-content\/uploads\/2020\/11\/poule-03.jpg\" data-link=\"https:\/\/biofermehumbert.com\/?attachment_id=769\" class=\"wp-image-769\"\/><\/a><\/figure><\/li><li class=\"blocks-gallery-item\"><figure><a href=\"https:\/\/biofermehumbert.com\/wp-content\/uploads\/2020\/11\/poule-04.jpg\" data-rel=\"lightbox-gallery-ZhuN3fbj\" data-rl_title=\"\" data-rl_caption=\"\" title=\"\"><img src=\"https:\/\/biofermehumbert.com\/wp-content\/uploads\/2020\/11\/poule-04-1024x1024.jpg\" alt=\"\" data-id=\"770\" data-full-url=\"https:\/\/biofermehumbert.com\/wp-content\/uploads\/2020\/11\/poule-04.jpg\" data-link=\"https:\/\/biofermehumbert.com\/?attachment_id=770\" class=\"wp-image-770\"\/><\/a><\/figure><\/li><\/ul><\/figure>\n","protected":false},"excerpt":{"rendered":"<p>\u0152ufs fermiers : Nanou &#8230; et ses poules C&rsquo;est quoi un \u0153uf bio ? LA Question qu&rsquo;on nous pose le plus souvent.LES R\u00e9ponses que l&rsquo;on [&#8230;]<\/p>\n","protected":false},"author":1,"featured_media":0,"parent":191,"menu_order":0,"comment_status":"closed","ping_status":"closed","template":"page-templates\/page-full-width.php","meta":[],"_links":{"self":[{"href":"https:\/\/biofermehumbert.com\/index.php?rest_route=\/wp\/v2\/pages\/203"}],"collection":[{"href":"https:\/\/biofermehumbert.com\/index.php?rest_route=\/wp\/v2\/pages"}],"about":[{"href":"https:\/\/biofermehumbert.com\/index.php?rest_route=\/wp\/v2\/types\/page"}],"author":[{"embeddable":true,"href":"https:\/\/biofermehumbert.com\/index.php?rest_route=\/wp\/v2\/users\/1"}],"replies":[{"embeddable":true,"href":"https:\/\/biofermehumbert.com\/index.php?rest_route=%2Fwp%2Fv2%2Fcomments&post=203"}],"version-history":[{"count":33,"href":"https:\/\/biofermehumbert.com\/index.php?rest_route=\/wp\/v2\/pages\/203\/revisions"}],"predecessor-version":[{"id":916,"href":"https:\/\/biofermehumbert.com\/index.php?rest_route=\/wp\/v2\/pages\/203\/revisions\/916"}],"up":[{"embeddable":true,"href":"https:\/\/biofermehumbert.com\/index.php?rest_route=\/wp\/v2\/pages\/191"}],"wp:attachment":[{"href":"https:\/\/biofermehumbert.com\/index.php?rest_route=%2Fwp%2Fv2%2Fmedia&parent=203"}],"curies":[{"name":"wp","href":"https:\/\/api.w.org\/{rel}","templated":true}]}}