{"id":199,"date":"2017-02-20T11:03:30","date_gmt":"2017-02-20T10:03:30","guid":{"rendered":"http:\/\/biofermehumbert.com\/?page_id=199"},"modified":"2021-03-11T17:00:16","modified_gmt":"2021-03-11T16:00:16","slug":"fruits-legumes","status":"publish","type":"page","link":"https:\/\/biofermehumbert.com\/?page_id=199","title":{"rendered":"FRUITS ET LEGUMES BIO"},"content":{"rendered":"\n<h1 class=\"has-text-color\" style=\"color:#3ea635\">Fruits &amp; l\u00e9gumes : D\u00e9d\u00e9 &#8230; le jardinier en chef<\/h1>\n\n\n\n<p>Nous pratiquons un mara\u00eechage adapt\u00e9 \u00e0 nos rudes conditions montagnardes.<br>Des pratiques h\u00e9rit\u00e9es de nos anc\u00eatres, alli\u00e9es \u00e0 des techniques modernes comme le non labour, le paillage, la permaculture\u2026<br>Le plus important : favoriser la&nbsp;vie du sol et du sous-sol, les vers de terre sont nos laboureurs. Et planter  l\u00e9gumes, fruits et fleurs sur les m\u00eames parcelles pour la biodiversit\u00e9.<br>Ecoutons ce que nous dit D\u00e9d\u00e9 sur les l\u00e9gumes de la ferme.<\/p>\n\n\n<p><iframe loading=\"lazy\" src=\"https:\/\/w.soundcloud.com\/player\/?url=https%3A\/\/api.soundcloud.com\/tracks\/274014505&amp;color=ff5500&amp;auto_play=false&amp;hide_related=false&amp;show_comments=true&amp;show_user=true&amp;show_reposts=false\" scrolling=\"no\" width=\"100%\" height=\"166\" frameborder=\"no\"><\/iframe><\/p>\n\n\n\n<h2>Le potager bio de la ferme Humbert<\/h2>\n\n\n\n<figure class=\"wp-container-2 wp-block-gallery-1 wp-block-gallery columns-3 is-cropped\"><ul class=\"blocks-gallery-grid\"><li class=\"blocks-gallery-item\"><figure><a href=\"https:\/\/biofermehumbert.com\/wp-content\/uploads\/2020\/11\/dia-06.jpg\" data-rel=\"lightbox-gallery-2XxTcjFy\" data-rl_title=\"\" data-rl_caption=\"\" title=\"\"><img src=\"https:\/\/biofermehumbert.com\/wp-content\/uploads\/2020\/11\/dia-06.jpg\" alt=\"\" data-id=\"677\" data-link=\"https:\/\/biofermehumbert.com\/?attachment_id=677\" class=\"wp-image-677\"\/><\/a><\/figure><\/li><li class=\"blocks-gallery-item\"><figure><a href=\"https:\/\/biofermehumbert.com\/wp-content\/uploads\/2017\/02\/LEGUME-3.jpg\" data-rel=\"lightbox-gallery-2XxTcjFy\" data-rl_title=\"\" data-rl_caption=\"\" title=\"\"><img loading=\"lazy\" width=\"800\" height=\"600\" src=\"https:\/\/biofermehumbert.com\/wp-content\/uploads\/2017\/02\/LEGUME-3.jpg\" alt=\"\" data-id=\"361\" data-link=\"https:\/\/biofermehumbert.com\/?attachment_id=361\" class=\"wp-image-361\" srcset=\"https:\/\/biofermehumbert.com\/wp-content\/uploads\/2017\/02\/LEGUME-3.jpg 800w, https:\/\/biofermehumbert.com\/wp-content\/uploads\/2017\/02\/LEGUME-3-400x300.jpg 400w, https:\/\/biofermehumbert.com\/wp-content\/uploads\/2017\/02\/LEGUME-3-768x576.jpg 768w\" sizes=\"(max-width: 800px) 100vw, 800px\" \/><\/a><\/figure><\/li><li class=\"blocks-gallery-item\"><figure><a href=\"https:\/\/biofermehumbert.com\/wp-content\/uploads\/2017\/02\/LEGUME-01.jpg\" data-rel=\"lightbox-gallery-2XxTcjFy\" data-rl_title=\"\" data-rl_caption=\"\" title=\"\"><img loading=\"lazy\" width=\"800\" height=\"600\" src=\"https:\/\/biofermehumbert.com\/wp-content\/uploads\/2017\/02\/LEGUME-01.jpg\" alt=\"\" data-id=\"360\" data-link=\"https:\/\/biofermehumbert.com\/?attachment_id=360\" class=\"wp-image-360\" srcset=\"https:\/\/biofermehumbert.com\/wp-content\/uploads\/2017\/02\/LEGUME-01.jpg 800w, https:\/\/biofermehumbert.com\/wp-content\/uploads\/2017\/02\/LEGUME-01-400x300.jpg 400w, https:\/\/biofermehumbert.com\/wp-content\/uploads\/2017\/02\/LEGUME-01-768x576.jpg 768w\" sizes=\"(max-width: 800px) 100vw, 800px\" \/><\/a><\/figure><\/li><li class=\"blocks-gallery-item\"><figure><a href=\"https:\/\/biofermehumbert.com\/wp-content\/uploads\/2017\/02\/LEGUME-04.jpg\" data-rel=\"lightbox-gallery-2XxTcjFy\" data-rl_title=\"\" data-rl_caption=\"\" title=\"\"><img loading=\"lazy\" width=\"800\" height=\"600\" src=\"https:\/\/biofermehumbert.com\/wp-content\/uploads\/2017\/02\/LEGUME-04.jpg\" alt=\"\" data-id=\"359\" data-link=\"https:\/\/biofermehumbert.com\/?attachment_id=359\" class=\"wp-image-359\" srcset=\"https:\/\/biofermehumbert.com\/wp-content\/uploads\/2017\/02\/LEGUME-04.jpg 800w, https:\/\/biofermehumbert.com\/wp-content\/uploads\/2017\/02\/LEGUME-04-400x300.jpg 400w, https:\/\/biofermehumbert.com\/wp-content\/uploads\/2017\/02\/LEGUME-04-768x576.jpg 768w\" sizes=\"(max-width: 800px) 100vw, 800px\" \/><\/a><\/figure><\/li><li class=\"blocks-gallery-item\"><figure><a href=\"https:\/\/biofermehumbert.com\/wp-content\/uploads\/2020\/11\/dia-19.jpg\" data-rel=\"lightbox-gallery-2XxTcjFy\" data-rl_title=\"\" data-rl_caption=\"\" title=\"\"><img loading=\"lazy\" width=\"1600\" height=\"1068\" src=\"https:\/\/biofermehumbert.com\/wp-content\/uploads\/2020\/11\/dia-19.jpg\" alt=\"\" data-id=\"707\" data-full-url=\"https:\/\/biofermehumbert.com\/wp-content\/uploads\/2020\/11\/dia-19.jpg\" data-link=\"https:\/\/biofermehumbert.com\/?attachment_id=707\" class=\"wp-image-707\" srcset=\"https:\/\/biofermehumbert.com\/wp-content\/uploads\/2020\/11\/dia-19.jpg 1600w, https:\/\/biofermehumbert.com\/wp-content\/uploads\/2020\/11\/dia-19-400x267.jpg 400w, https:\/\/biofermehumbert.com\/wp-content\/uploads\/2020\/11\/dia-19-1024x684.jpg 1024w, https:\/\/biofermehumbert.com\/wp-content\/uploads\/2020\/11\/dia-19-768x513.jpg 768w, https:\/\/biofermehumbert.com\/wp-content\/uploads\/2020\/11\/dia-19-1536x1025.jpg 1536w, https:\/\/biofermehumbert.com\/wp-content\/uploads\/2020\/11\/dia-19-272x182.jpg 272w\" sizes=\"(max-width: 1600px) 100vw, 1600px\" \/><\/a><\/figure><\/li><li class=\"blocks-gallery-item\"><figure><a href=\"https:\/\/biofermehumbert.com\/wp-content\/uploads\/2020\/11\/dia-20.jpg\" data-rel=\"lightbox-gallery-2XxTcjFy\" data-rl_title=\"\" data-rl_caption=\"\" title=\"\"><img loading=\"lazy\" width=\"1600\" height=\"1068\" src=\"https:\/\/biofermehumbert.com\/wp-content\/uploads\/2020\/11\/dia-20.jpg\" alt=\"\" data-id=\"708\" data-full-url=\"https:\/\/biofermehumbert.com\/wp-content\/uploads\/2020\/11\/dia-20.jpg\" data-link=\"https:\/\/biofermehumbert.com\/?attachment_id=708\" class=\"wp-image-708\" srcset=\"https:\/\/biofermehumbert.com\/wp-content\/uploads\/2020\/11\/dia-20.jpg 1600w, https:\/\/biofermehumbert.com\/wp-content\/uploads\/2020\/11\/dia-20-400x267.jpg 400w, https:\/\/biofermehumbert.com\/wp-content\/uploads\/2020\/11\/dia-20-1024x684.jpg 1024w, https:\/\/biofermehumbert.com\/wp-content\/uploads\/2020\/11\/dia-20-768x513.jpg 768w, https:\/\/biofermehumbert.com\/wp-content\/uploads\/2020\/11\/dia-20-1536x1025.jpg 1536w, https:\/\/biofermehumbert.com\/wp-content\/uploads\/2020\/11\/dia-20-272x182.jpg 272w\" sizes=\"(max-width: 1600px) 100vw, 1600px\" \/><\/a><\/figure><\/li><\/ul><\/figure>\n","protected":false},"excerpt":{"rendered":"<p>Fruits &amp; l\u00e9gumes : D\u00e9d\u00e9 &#8230; le jardinier en chef Nous pratiquons un mara\u00eechage adapt\u00e9 \u00e0 nos rudes conditions montagnardes.Des pratiques h\u00e9rit\u00e9es de nos anc\u00eatres, [&#8230;]<\/p>\n","protected":false},"author":1,"featured_media":0,"parent":191,"menu_order":0,"comment_status":"closed","ping_status":"closed","template":"page-templates\/page-full-width.php","meta":[],"_links":{"self":[{"href":"https:\/\/biofermehumbert.com\/index.php?rest_route=\/wp\/v2\/pages\/199"}],"collection":[{"href":"https:\/\/biofermehumbert.com\/index.php?rest_route=\/wp\/v2\/pages"}],"about":[{"href":"https:\/\/biofermehumbert.com\/index.php?rest_route=\/wp\/v2\/types\/page"}],"author":[{"embeddable":true,"href":"https:\/\/biofermehumbert.com\/index.php?rest_route=\/wp\/v2\/users\/1"}],"replies":[{"embeddable":true,"href":"https:\/\/biofermehumbert.com\/index.php?rest_route=%2Fwp%2Fv2%2Fcomments&post=199"}],"version-history":[{"count":17,"href":"https:\/\/biofermehumbert.com\/index.php?rest_route=\/wp\/v2\/pages\/199\/revisions"}],"predecessor-version":[{"id":914,"href":"https:\/\/biofermehumbert.com\/index.php?rest_route=\/wp\/v2\/pages\/199\/revisions\/914"}],"up":[{"embeddable":true,"href":"https:\/\/biofermehumbert.com\/index.php?rest_route=\/wp\/v2\/pages\/191"}],"wp:attachment":[{"href":"https:\/\/biofermehumbert.com\/index.php?rest_route=%2Fwp%2Fv2%2Fmedia&parent=199"}],"curies":[{"name":"wp","href":"https:\/\/api.w.org\/{rel}","templated":true}]}}