{"id":196,"date":"2017-02-20T11:01:45","date_gmt":"2017-02-20T10:01:45","guid":{"rendered":"http:\/\/biofermehumbert.com\/?page_id=196"},"modified":"2021-03-11T17:01:39","modified_gmt":"2021-03-11T16:01:39","slug":"glaces-sorbets","status":"publish","type":"page","link":"https:\/\/biofermehumbert.com\/?page_id=196","title":{"rendered":"GLACES ET SORBETS BIO"},"content":{"rendered":"\n<h1 class=\"has-text-color\" style=\"color:#3ea635\">Glaces &amp; sorbets : Nicolas &#8230; l&rsquo;homme des glaces<\/h1>\n\n\n\n<p>Depuis 1985, Nicolas \u00e9labore des glaces authentiques dans son petit laboratoire \u00e0 la ferme.<br>Tout d&rsquo;abord il faut qu&rsquo;on vous dise ce qu&rsquo;il ne mettra jamais dans ses glaces :&nbsp;0 colorants, 0 additifs, 0 glucose, 0 \u00e9mulsifiants, 0 stabilisants, 0 g\u00e9lifiants, 0 \u00e9paississant, 0 sucre inverti, etc\u2026<\/p>\n\n\n\n<h3>Mais alors, qu&rsquo;est-ce qu&rsquo;il y a dans&nbsp;ces glaces ?<\/h3>\n\n\n\n<p><strong>Glace au lait entier et aux \u0153ufs<\/strong> : du lait du jour, des \u0153ufs frais, du sucre de canne bio \u00e9quitable, du&nbsp;caf\u00e9, du caramel, du miel, de la cr\u00e8me de noisette, du pain d&rsquo;\u00e9pices, rhum-raisins, vanille, chocolat.<br><strong>Glace au yaourt<\/strong> : du yaourt tout frais, des fruits, du sucre de canne bio \u00e9quitable : des myrtilles, des quetsches, des mirabelles, des abricots.<br><strong>The Sorbet<\/strong> : Juste un peu de sucre de canne et des framboises du jardin.<br>Toutes nos glaces sont sans gluten. Conditionn\u00e9es en 1\/2 litre ou en 2,5 litres.<\/p>\n\n\n\n<h3>O\u00f9 trouver les glaces bio de la Ferme Humbert ?<\/h3>\n\n\n\n<ul><li>Directement \u00e0 la ferme.<\/li><li>Sur nos march\u00e9s.<\/li><li>Dans les points de vente collectifs (Vill\u00e9, Ribeauvill\u00e9, Strasbourg).<\/li><li>\u00c0 la Biocoop \u00e0 Ingersheim.<\/li><li>Sur les foires et salons bio.<\/li><li>Au salon de th\u00e9 des Jardins de Ga\u00efa \u00e0 Wittisheim, exclusivit\u00e9 : la glace au th\u00e9 matcha.<\/li><\/ul>\n\n\n\n<h3>Vos \u00e9v\u00e9nements<\/h3>\n\n\n\n<p>R\u00e9galez vos invit\u00e9s lors de vos mariages, bapt\u00eames, anniversaires, buffets&#8230;.Devis sur demande.<\/p>\n\n\n\n<p>Cliquez et \u00e9coutez !<\/p>\n\n\n<p><iframe loading=\"lazy\" src=\"https:\/\/w.soundcloud.com\/player\/?url=https%3A\/\/api.soundcloud.com\/tracks\/222986226&amp;color=ff5500&amp;auto_play=false&amp;hide_related=false&amp;show_comments=true&amp;show_user=true&amp;show_reposts=false\" scrolling=\"no\" width=\"100%\" height=\"166\" frameborder=\"no\"><\/iframe><\/p>\n\n\n\n<h3>Le laboratoire \u00e0 glaces de Nicolas Humbert <\/h3>\n\n\n\n<figure class=\"wp-container-2 wp-block-gallery-1 wp-block-gallery columns-3 is-cropped\"><ul class=\"blocks-gallery-grid\"><li class=\"blocks-gallery-item\"><figure><a href=\"https:\/\/biofermehumbert.com\/wp-content\/uploads\/2020\/11\/GLACE-01.jpg\" data-rel=\"lightbox-gallery-ta2DrMt5\" data-rl_title=\"\" data-rl_caption=\"\" title=\"\"><img loading=\"lazy\" width=\"1600\" height=\"1068\" src=\"https:\/\/biofermehumbert.com\/wp-content\/uploads\/2020\/11\/GLACE-01.jpg\" alt=\"\" data-id=\"744\" data-link=\"https:\/\/biofermehumbert.com\/?attachment_id=744\" class=\"wp-image-744\" srcset=\"https:\/\/biofermehumbert.com\/wp-content\/uploads\/2020\/11\/GLACE-01.jpg 1600w, https:\/\/biofermehumbert.com\/wp-content\/uploads\/2020\/11\/GLACE-01-400x267.jpg 400w, https:\/\/biofermehumbert.com\/wp-content\/uploads\/2020\/11\/GLACE-01-1024x684.jpg 1024w, https:\/\/biofermehumbert.com\/wp-content\/uploads\/2020\/11\/GLACE-01-768x513.jpg 768w, https:\/\/biofermehumbert.com\/wp-content\/uploads\/2020\/11\/GLACE-01-1536x1025.jpg 1536w, https:\/\/biofermehumbert.com\/wp-content\/uploads\/2020\/11\/GLACE-01-272x182.jpg 272w\" sizes=\"(max-width: 1600px) 100vw, 1600px\" \/><\/a><\/figure><\/li><li class=\"blocks-gallery-item\"><figure><a href=\"https:\/\/biofermehumbert.com\/wp-content\/uploads\/2020\/11\/GLACE-02.jpg\" data-rel=\"lightbox-gallery-ta2DrMt5\" data-rl_title=\"\" data-rl_caption=\"\" title=\"\"><img loading=\"lazy\" width=\"1600\" height=\"1068\" src=\"https:\/\/biofermehumbert.com\/wp-content\/uploads\/2020\/11\/GLACE-02.jpg\" alt=\"\" data-id=\"745\" data-link=\"https:\/\/biofermehumbert.com\/?attachment_id=745\" class=\"wp-image-745\" srcset=\"https:\/\/biofermehumbert.com\/wp-content\/uploads\/2020\/11\/GLACE-02.jpg 1600w, https:\/\/biofermehumbert.com\/wp-content\/uploads\/2020\/11\/GLACE-02-400x267.jpg 400w, https:\/\/biofermehumbert.com\/wp-content\/uploads\/2020\/11\/GLACE-02-1024x684.jpg 1024w, https:\/\/biofermehumbert.com\/wp-content\/uploads\/2020\/11\/GLACE-02-768x513.jpg 768w, https:\/\/biofermehumbert.com\/wp-content\/uploads\/2020\/11\/GLACE-02-1536x1025.jpg 1536w, https:\/\/biofermehumbert.com\/wp-content\/uploads\/2020\/11\/GLACE-02-272x182.jpg 272w\" sizes=\"(max-width: 1600px) 100vw, 1600px\" \/><\/a><\/figure><\/li><li class=\"blocks-gallery-item\"><figure><a href=\"https:\/\/biofermehumbert.com\/wp-content\/uploads\/2020\/11\/GLACE-03.jpg\" data-rel=\"lightbox-gallery-ta2DrMt5\" data-rl_title=\"\" data-rl_caption=\"\" title=\"\"><img loading=\"lazy\" width=\"1600\" height=\"1068\" src=\"https:\/\/biofermehumbert.com\/wp-content\/uploads\/2020\/11\/GLACE-03.jpg\" alt=\"\" data-id=\"746\" data-link=\"https:\/\/biofermehumbert.com\/?attachment_id=746\" class=\"wp-image-746\" srcset=\"https:\/\/biofermehumbert.com\/wp-content\/uploads\/2020\/11\/GLACE-03.jpg 1600w, https:\/\/biofermehumbert.com\/wp-content\/uploads\/2020\/11\/GLACE-03-400x267.jpg 400w, https:\/\/biofermehumbert.com\/wp-content\/uploads\/2020\/11\/GLACE-03-1024x684.jpg 1024w, https:\/\/biofermehumbert.com\/wp-content\/uploads\/2020\/11\/GLACE-03-768x513.jpg 768w, https:\/\/biofermehumbert.com\/wp-content\/uploads\/2020\/11\/GLACE-03-1536x1025.jpg 1536w, https:\/\/biofermehumbert.com\/wp-content\/uploads\/2020\/11\/GLACE-03-272x182.jpg 272w\" sizes=\"(max-width: 1600px) 100vw, 1600px\" \/><\/a><\/figure><\/li><li class=\"blocks-gallery-item\"><figure><a href=\"https:\/\/biofermehumbert.com\/wp-content\/uploads\/2020\/11\/GLACE-04.jpg\" data-rel=\"lightbox-gallery-ta2DrMt5\" data-rl_title=\"\" data-rl_caption=\"\" title=\"\"><img loading=\"lazy\" width=\"1600\" height=\"1068\" src=\"https:\/\/biofermehumbert.com\/wp-content\/uploads\/2020\/11\/GLACE-04.jpg\" alt=\"\" data-id=\"748\" data-full-url=\"https:\/\/biofermehumbert.com\/wp-content\/uploads\/2020\/11\/GLACE-04.jpg\" data-link=\"https:\/\/biofermehumbert.com\/?attachment_id=748\" class=\"wp-image-748\" srcset=\"https:\/\/biofermehumbert.com\/wp-content\/uploads\/2020\/11\/GLACE-04.jpg 1600w, https:\/\/biofermehumbert.com\/wp-content\/uploads\/2020\/11\/GLACE-04-400x267.jpg 400w, https:\/\/biofermehumbert.com\/wp-content\/uploads\/2020\/11\/GLACE-04-1024x684.jpg 1024w, https:\/\/biofermehumbert.com\/wp-content\/uploads\/2020\/11\/GLACE-04-768x513.jpg 768w, https:\/\/biofermehumbert.com\/wp-content\/uploads\/2020\/11\/GLACE-04-1536x1025.jpg 1536w, https:\/\/biofermehumbert.com\/wp-content\/uploads\/2020\/11\/GLACE-04-272x182.jpg 272w\" sizes=\"(max-width: 1600px) 100vw, 1600px\" \/><\/a><\/figure><\/li><li class=\"blocks-gallery-item\"><figure><a href=\"https:\/\/biofermehumbert.com\/wp-content\/uploads\/2020\/11\/GLACE-05.jpg\" data-rel=\"lightbox-gallery-ta2DrMt5\" data-rl_title=\"\" data-rl_caption=\"\" title=\"\"><img loading=\"lazy\" width=\"1600\" height=\"1067\" src=\"https:\/\/biofermehumbert.com\/wp-content\/uploads\/2020\/11\/GLACE-05.jpg\" alt=\"\" data-id=\"749\" data-full-url=\"https:\/\/biofermehumbert.com\/wp-content\/uploads\/2020\/11\/GLACE-05.jpg\" data-link=\"https:\/\/biofermehumbert.com\/?attachment_id=749\" class=\"wp-image-749\" srcset=\"https:\/\/biofermehumbert.com\/wp-content\/uploads\/2020\/11\/GLACE-05.jpg 1600w, https:\/\/biofermehumbert.com\/wp-content\/uploads\/2020\/11\/GLACE-05-400x267.jpg 400w, https:\/\/biofermehumbert.com\/wp-content\/uploads\/2020\/11\/GLACE-05-1024x683.jpg 1024w, https:\/\/biofermehumbert.com\/wp-content\/uploads\/2020\/11\/GLACE-05-768x512.jpg 768w, https:\/\/biofermehumbert.com\/wp-content\/uploads\/2020\/11\/GLACE-05-1536x1024.jpg 1536w, https:\/\/biofermehumbert.com\/wp-content\/uploads\/2020\/11\/GLACE-05-272x182.jpg 272w\" sizes=\"(max-width: 1600px) 100vw, 1600px\" \/><\/a><\/figure><\/li><li class=\"blocks-gallery-item\"><figure><a href=\"https:\/\/biofermehumbert.com\/wp-content\/uploads\/2020\/11\/GLACE-06.jpg\" data-rel=\"lightbox-gallery-ta2DrMt5\" data-rl_title=\"\" data-rl_caption=\"\" title=\"\"><img loading=\"lazy\" width=\"1600\" height=\"1067\" src=\"https:\/\/biofermehumbert.com\/wp-content\/uploads\/2020\/11\/GLACE-06.jpg\" alt=\"\" data-id=\"750\" data-full-url=\"https:\/\/biofermehumbert.com\/wp-content\/uploads\/2020\/11\/GLACE-06.jpg\" data-link=\"https:\/\/biofermehumbert.com\/?attachment_id=750\" class=\"wp-image-750\" srcset=\"https:\/\/biofermehumbert.com\/wp-content\/uploads\/2020\/11\/GLACE-06.jpg 1600w, https:\/\/biofermehumbert.com\/wp-content\/uploads\/2020\/11\/GLACE-06-400x267.jpg 400w, https:\/\/biofermehumbert.com\/wp-content\/uploads\/2020\/11\/GLACE-06-1024x683.jpg 1024w, https:\/\/biofermehumbert.com\/wp-content\/uploads\/2020\/11\/GLACE-06-768x512.jpg 768w, https:\/\/biofermehumbert.com\/wp-content\/uploads\/2020\/11\/GLACE-06-1536x1024.jpg 1536w, https:\/\/biofermehumbert.com\/wp-content\/uploads\/2020\/11\/GLACE-06-272x182.jpg 272w\" sizes=\"(max-width: 1600px) 100vw, 1600px\" \/><\/a><\/figure><\/li><\/ul><\/figure>\n","protected":false},"excerpt":{"rendered":"<p>Glaces &amp; sorbets : Nicolas &#8230; l&rsquo;homme des glaces Depuis 1985, Nicolas \u00e9labore des glaces authentiques dans son petit laboratoire \u00e0 la ferme.Tout d&rsquo;abord il [&#8230;]<\/p>\n","protected":false},"author":1,"featured_media":0,"parent":191,"menu_order":0,"comment_status":"closed","ping_status":"closed","template":"page-templates\/page-full-width.php","meta":[],"_links":{"self":[{"href":"https:\/\/biofermehumbert.com\/index.php?rest_route=\/wp\/v2\/pages\/196"}],"collection":[{"href":"https:\/\/biofermehumbert.com\/index.php?rest_route=\/wp\/v2\/pages"}],"about":[{"href":"https:\/\/biofermehumbert.com\/index.php?rest_route=\/wp\/v2\/types\/page"}],"author":[{"embeddable":true,"href":"https:\/\/biofermehumbert.com\/index.php?rest_route=\/wp\/v2\/users\/1"}],"replies":[{"embeddable":true,"href":"https:\/\/biofermehumbert.com\/index.php?rest_route=%2Fwp%2Fv2%2Fcomments&post=196"}],"version-history":[{"count":41,"href":"https:\/\/biofermehumbert.com\/index.php?rest_route=\/wp\/v2\/pages\/196\/revisions"}],"predecessor-version":[{"id":915,"href":"https:\/\/biofermehumbert.com\/index.php?rest_route=\/wp\/v2\/pages\/196\/revisions\/915"}],"up":[{"embeddable":true,"href":"https:\/\/biofermehumbert.com\/index.php?rest_route=\/wp\/v2\/pages\/191"}],"wp:attachment":[{"href":"https:\/\/biofermehumbert.com\/index.php?rest_route=%2Fwp%2Fv2%2Fmedia&parent=196"}],"curies":[{"name":"wp","href":"https:\/\/api.w.org\/{rel}","templated":true}]}}