{"id":193,"date":"2017-02-20T11:00:58","date_gmt":"2017-02-20T10:00:58","guid":{"rendered":"http:\/\/biofermehumbert.com\/?page_id=193"},"modified":"2024-03-21T11:28:59","modified_gmt":"2024-03-21T10:28:59","slug":"produits-laitiers","status":"publish","type":"page","link":"https:\/\/biofermehumbert.com\/?page_id=193","title":{"rendered":"PRODUITS LAITIERS BIO"},"content":{"rendered":"\n<h1 class=\"has-text-color\" style=\"color:#3ea635\">Produits laitiers : du pr\u00e9 au pot !<\/h1>\n\n\n\n<p>Nos laitages sont issus exclusivement du lait de nos vosgiennes, nourries avec l&rsquo;herbe et le foin de nos p\u00e2turages (pas de c\u00e9r\u00e9ales, pas de ma\u00efs, pas de soja).<\/p>\n\n\n\n<p>Notre lait est ainsi plein de belles saveurs qui changent avec les saisons!<\/p>\n\n\n\n<p>Un alimentation exclusive \u00e0 l&rsquo;herbe conf\u00e8re au lait un \u00e9quilibre en omega 6 et 3 int\u00e9ressant pour la sant\u00e9, un richesse en vitamines en antioxydants, ferments lactiques,&#8230;<\/p>\n\n\n\n<h3>Le lait cru<\/h3>\n\n\n\n<p>De plus en plus rare \u00e0 trouver pour le consommateur, le lait cru est un aliment noble, riche en acides gras, vitamines, min\u00e9raux, ferments naturels&#8230;.il est tr\u00e8s digeste et ne ressemble pas du tout aux laits st\u00e9rilis\u00e9s ou UHT. Il n&rsquo;est pas n\u00e9cessaire de le faire bouillir pour le consommer.<\/p>\n\n\n\n<h3>La cr\u00e8me crue<\/h3>\n\n\n\n<p>Un d\u00e9lice, riche en vitamine E.<\/p>\n\n\n\n<h3>Le fromage blanc \u00e0 l&rsquo;ancienne<\/h3>\n\n\n\n<p>Du lait caill\u00e9 naturellement, sans pr\u00e9sure, juste avec les bons ferments pr\u00e9sents dans du lait de qualit\u00e9, non pasteuris\u00e9. C&rsquo;est un laitage \u00e0 consommer nature, sal\u00e9 ou sucr\u00e9. Ceux qui le pr\u00e9f\u00e8rent \u00ab\u00a0lisse\u00a0\u00bb, le passeront au mixeur.<\/p>\n\n\n\n<h3>Les yaourts<\/h3>\n\n\n\n<p>Pas\u00a0de poudre de lait ajout\u00e9e \u00a0pour les stabiliser ou les \u00e9paissir, notre yaourt est juste ensemenc\u00e9 en ferments lactiques, source de probiotiques.<\/p>\n\n\n\n<p> Leur texture varie en fonction des saisons. <\/p>\n\n\n\n<p>Nous r\u00e9coltons et cuisons les fruits nous-m\u00eames pour incorporer\u00a0\u00e0 nos yaourts.<\/p>\n\n\n\n<h3>Les cr\u00e8mes desserts<\/h3>\n\n\n\n<p>C&rsquo;est LA&nbsp;petite douceur qui fait du bien.<\/p>\n\n\n\n<figure class=\"wp-container-2 wp-block-gallery-1 wp-block-gallery has-nested-images columns-default is-cropped\">\n<figure class=\"wp-block-image size-full\"><a href=\"https:\/\/biofermehumbert.com\/wp-content\/uploads\/2017\/03\/BEURRE-1.jpg\" data-rel=\"lightbox-gallery-BQnDvODm\" data-rl_title=\"\" data-rl_caption=\"\" title=\"\"><img loading=\"lazy\" width=\"1240\" height=\"870\" data-id=\"372\"  src=\"https:\/\/biofermehumbert.com\/wp-content\/uploads\/2017\/03\/BEURRE-1.jpg\" alt=\"\" class=\"wp-image-372\" srcset=\"https:\/\/biofermehumbert.com\/wp-content\/uploads\/2017\/03\/BEURRE-1.jpg 1240w, https:\/\/biofermehumbert.com\/wp-content\/uploads\/2017\/03\/BEURRE-1-400x281.jpg 400w, https:\/\/biofermehumbert.com\/wp-content\/uploads\/2017\/03\/BEURRE-1-768x539.jpg 768w, https:\/\/biofermehumbert.com\/wp-content\/uploads\/2017\/03\/BEURRE-1-1024x718.jpg 1024w\" sizes=\"(max-width: 1240px) 100vw, 1240px\" \/><\/a><\/figure>\n\n\n\n<figure class=\"wp-block-image size-full\"><a href=\"https:\/\/biofermehumbert.com\/wp-content\/uploads\/2017\/02\/LAITIER-02.jpg\" data-rel=\"lightbox-gallery-BQnDvODm\" data-rl_title=\"\" data-rl_caption=\"\" title=\"\"><img loading=\"lazy\" width=\"800\" height=\"600\" data-id=\"239\"  src=\"https:\/\/biofermehumbert.com\/wp-content\/uploads\/2017\/02\/LAITIER-02.jpg\" alt=\"\" class=\"wp-image-239\" srcset=\"https:\/\/biofermehumbert.com\/wp-content\/uploads\/2017\/02\/LAITIER-02.jpg 800w, https:\/\/biofermehumbert.com\/wp-content\/uploads\/2017\/02\/LAITIER-02-400x300.jpg 400w, https:\/\/biofermehumbert.com\/wp-content\/uploads\/2017\/02\/LAITIER-02-768x576.jpg 768w\" sizes=\"(max-width: 800px) 100vw, 800px\" \/><\/a><\/figure>\n\n\n\n<figure class=\"wp-block-image size-full\"><a href=\"https:\/\/biofermehumbert.com\/wp-content\/uploads\/2017\/02\/LAITIER-01.jpg\" data-rel=\"lightbox-gallery-BQnDvODm\" data-rl_title=\"\" data-rl_caption=\"\" title=\"\"><img loading=\"lazy\" width=\"800\" height=\"600\" data-id=\"238\"  src=\"https:\/\/biofermehumbert.com\/wp-content\/uploads\/2017\/02\/LAITIER-01.jpg\" alt=\"\" class=\"wp-image-238\" srcset=\"https:\/\/biofermehumbert.com\/wp-content\/uploads\/2017\/02\/LAITIER-01.jpg 800w, https:\/\/biofermehumbert.com\/wp-content\/uploads\/2017\/02\/LAITIER-01-400x300.jpg 400w, https:\/\/biofermehumbert.com\/wp-content\/uploads\/2017\/02\/LAITIER-01-768x576.jpg 768w\" sizes=\"(max-width: 800px) 100vw, 800px\" \/><\/a><\/figure>\n\n\n\n<figure class=\"wp-block-image size-full\"><a href=\"https:\/\/biofermehumbert.com\/wp-content\/uploads\/2017\/02\/LAITIER-03.jpg\" data-rel=\"lightbox-gallery-BQnDvODm\" data-rl_title=\"\" data-rl_caption=\"\" title=\"\"><img loading=\"lazy\" width=\"800\" height=\"533\" data-id=\"241\"  src=\"https:\/\/biofermehumbert.com\/wp-content\/uploads\/2017\/02\/LAITIER-03.jpg\" alt=\"\" class=\"wp-image-241\" srcset=\"https:\/\/biofermehumbert.com\/wp-content\/uploads\/2017\/02\/LAITIER-03.jpg 800w, https:\/\/biofermehumbert.com\/wp-content\/uploads\/2017\/02\/LAITIER-03-400x267.jpg 400w, https:\/\/biofermehumbert.com\/wp-content\/uploads\/2017\/02\/LAITIER-03-768x512.jpg 768w\" sizes=\"(max-width: 800px) 100vw, 800px\" \/><\/a><\/figure>\n\n\n\n<figure class=\"wp-block-image size-full\"><a href=\"https:\/\/biofermehumbert.com\/wp-content\/uploads\/2020\/11\/dia-15.jpg\" data-rel=\"lightbox-gallery-BQnDvODm\" data-rl_title=\"\" data-rl_caption=\"\" title=\"\"><img loading=\"lazy\" width=\"1600\" height=\"1068\" data-id=\"694\"  src=\"https:\/\/biofermehumbert.com\/wp-content\/uploads\/2020\/11\/dia-15.jpg\" alt=\"\" class=\"wp-image-694\" srcset=\"https:\/\/biofermehumbert.com\/wp-content\/uploads\/2020\/11\/dia-15.jpg 1600w, https:\/\/biofermehumbert.com\/wp-content\/uploads\/2020\/11\/dia-15-400x267.jpg 400w, https:\/\/biofermehumbert.com\/wp-content\/uploads\/2020\/11\/dia-15-1024x684.jpg 1024w, https:\/\/biofermehumbert.com\/wp-content\/uploads\/2020\/11\/dia-15-768x513.jpg 768w, https:\/\/biofermehumbert.com\/wp-content\/uploads\/2020\/11\/dia-15-1536x1025.jpg 1536w, https:\/\/biofermehumbert.com\/wp-content\/uploads\/2020\/11\/dia-15-272x182.jpg 272w\" sizes=\"(max-width: 1600px) 100vw, 1600px\" \/><\/a><\/figure>\n\n\n\n<figure class=\"wp-block-image size-full\"><a href=\"https:\/\/biofermehumbert.com\/wp-content\/uploads\/2017\/01\/HEADER-HP01.jpg\" data-rel=\"lightbox-gallery-BQnDvODm\" data-rl_title=\"\" data-rl_caption=\"\" title=\"\"><img loading=\"lazy\" width=\"1240\" height=\"870\" data-id=\"15\"  src=\"https:\/\/biofermehumbert.com\/wp-content\/uploads\/2017\/01\/HEADER-HP01.jpg\" alt=\"\" class=\"wp-image-15\" srcset=\"https:\/\/biofermehumbert.com\/wp-content\/uploads\/2017\/01\/HEADER-HP01.jpg 1240w, https:\/\/biofermehumbert.com\/wp-content\/uploads\/2017\/01\/HEADER-HP01-300x210.jpg 300w, https:\/\/biofermehumbert.com\/wp-content\/uploads\/2017\/01\/HEADER-HP01-768x539.jpg 768w, https:\/\/biofermehumbert.com\/wp-content\/uploads\/2017\/01\/HEADER-HP01-1024x718.jpg 1024w\" sizes=\"(max-width: 1240px) 100vw, 1240px\" \/><\/a><\/figure>\n<\/figure>\n","protected":false},"excerpt":{"rendered":"<p>Produits laitiers : du pr\u00e9 au pot ! Nos laitages sont issus exclusivement du lait de nos vosgiennes, nourries avec l&rsquo;herbe et le foin de [&#8230;]<\/p>\n","protected":false},"author":1,"featured_media":0,"parent":191,"menu_order":0,"comment_status":"closed","ping_status":"closed","template":"page-templates\/page-full-width.php","meta":[],"_links":{"self":[{"href":"https:\/\/biofermehumbert.com\/index.php?rest_route=\/wp\/v2\/pages\/193"}],"collection":[{"href":"https:\/\/biofermehumbert.com\/index.php?rest_route=\/wp\/v2\/pages"}],"about":[{"href":"https:\/\/biofermehumbert.com\/index.php?rest_route=\/wp\/v2\/types\/page"}],"author":[{"embeddable":true,"href":"https:\/\/biofermehumbert.com\/index.php?rest_route=\/wp\/v2\/users\/1"}],"replies":[{"embeddable":true,"href":"https:\/\/biofermehumbert.com\/index.php?rest_route=%2Fwp%2Fv2%2Fcomments&post=193"}],"version-history":[{"count":18,"href":"https:\/\/biofermehumbert.com\/index.php?rest_route=\/wp\/v2\/pages\/193\/revisions"}],"predecessor-version":[{"id":1028,"href":"https:\/\/biofermehumbert.com\/index.php?rest_route=\/wp\/v2\/pages\/193\/revisions\/1028"}],"up":[{"embeddable":true,"href":"https:\/\/biofermehumbert.com\/index.php?rest_route=\/wp\/v2\/pages\/191"}],"wp:attachment":[{"href":"https:\/\/biofermehumbert.com\/index.php?rest_route=%2Fwp%2Fv2%2Fmedia&parent=193"}],"curies":[{"name":"wp","href":"https:\/\/api.w.org\/{rel}","templated":true}]}}